{"id":445,"date":"2021-02-08T13:41:58","date_gmt":"2021-02-08T13:41:58","guid":{"rendered":"http:\/\/sfanv.fr\/?page_id=445"},"modified":"2021-02-08T15:24:33","modified_gmt":"2021-02-08T15:24:33","slug":"contact","status":"publish","type":"page","link":"https:\/\/sfanv.fr\/index.php\/contact\/","title":{"rendered":"Contact"},"content":{"rendered":"\t\t<div data-elementor-type=\"wp-page\" data-elementor-id=\"445\" class=\"elementor elementor-445\" data-elementor-settings=\"[]\">\n\t\t\t\t\t\t\t<div class=\"elementor-section-wrap\">\n\t\t\t\t\t\t\t<section class=\"elementor-section elementor-top-section elementor-element elementor-element-687292d elementor-section-stretched elementor-section-boxed elementor-section-height-default elementor-section-height-default\" data-id=\"687292d\" data-element_type=\"section\" data-settings=\"{&quot;stretch_section&quot;:&quot;section-stretched&quot;,&quot;background_background&quot;:&quot;classic&quot;}\">\n\t\t\t\t\t\t<div class=\"elementor-container elementor-column-gap-default\">\n\t\t\t\t\t<div class=\"elementor-column elementor-col-100 elementor-top-column elementor-element elementor-element-8cf2502\" data-id=\"8cf2502\" data-element_type=\"column\">\n\t\t\t<div class=\"elementor-widget-wrap\">\n\t\t\t\t\t\t\t\t\t<\/div>\n\t\t<\/div>\n\t\t\t\t\t\t\t<\/div>\n\t\t<\/section>\n\t\t\t\t<section class=\"elementor-section elementor-top-section elementor-element elementor-element-562c09f elementor-section-stretched elementor-section-boxed elementor-section-height-default elementor-section-height-default\" data-id=\"562c09f\" data-element_type=\"section\" data-settings=\"{&quot;stretch_section&quot;:&quot;section-stretched&quot;,&quot;background_background&quot;:&quot;classic&quot;}\">\n\t\t\t\t\t\t<div class=\"elementor-container elementor-column-gap-default\">\n\t\t\t\t\t<div class=\"elementor-column elementor-col-50 elementor-top-column elementor-element elementor-element-b49b4b8\" data-id=\"b49b4b8\" data-element_type=\"column\">\n\t\t\t<div class=\"elementor-widget-wrap elementor-element-populated\">\n\t\t\t\t\t\t\t\t<div class=\"elementor-element elementor-element-7af2ad3 elementor-widget elementor-widget-heading\" data-id=\"7af2ad3\" data-element_type=\"widget\" data-widget_type=\"heading.default\">\n\t\t\t\t<div class=\"elementor-widget-container\">\n\t\t\t<h2 class=\"elementor-heading-title elementor-size-default\">Contact<\/h2>\t\t<\/div>\n\t\t\t\t<\/div>\n\t\t\t\t\t<\/div>\n\t\t<\/div>\n\t\t\t\t<div class=\"elementor-column elementor-col-50 elementor-top-column elementor-element elementor-element-47cb8f1\" data-id=\"47cb8f1\" data-element_type=\"column\">\n\t\t\t<div class=\"elementor-widget-wrap\">\n\t\t\t\t\t\t\t\t\t<\/div>\n\t\t<\/div>\n\t\t\t\t\t\t\t<\/div>\n\t\t<\/section>\n\t\t\t\t<section class=\"elementor-section elementor-top-section elementor-element elementor-element-fa4cac8 elementor-section-stretched elementor-section-boxed elementor-section-height-default elementor-section-height-default\" data-id=\"fa4cac8\" data-element_type=\"section\" data-settings=\"{&quot;stretch_section&quot;:&quot;section-stretched&quot;}\">\n\t\t\t\t\t\t<div class=\"elementor-container elementor-column-gap-no\">\n\t\t\t\t\t<div class=\"elementor-column elementor-col-33 elementor-top-column elementor-element elementor-element-4f798b0\" data-id=\"4f798b0\" data-element_type=\"column\" data-settings=\"{&quot;background_background&quot;:&quot;classic&quot;}\">\n\t\t\t<div class=\"elementor-widget-wrap elementor-element-populated\">\n\t\t\t\t\t\t\t\t<div class=\"elementor-element elementor-element-68a2cbb elementor-position-top elementor-vertical-align-top elementor-widget elementor-widget-image-box\" data-id=\"68a2cbb\" data-element_type=\"widget\" data-widget_type=\"image-box.default\">\n\t\t\t\t<div class=\"elementor-widget-container\">\n\t\t\t<div class=\"elementor-image-box-wrapper\"><figure class=\"elementor-image-box-img\"><img loading=\"lazy\" decoding=\"async\" width=\"512\" height=\"512\" src=\"https:\/\/sfanv.fr\/wp-content\/uploads\/2021\/02\/contact1.png\" class=\"attachment-full size-full\" alt=\"\" srcset=\"https:\/\/sfanv.fr\/wp-content\/uploads\/2021\/02\/contact1.png 512w, https:\/\/sfanv.fr\/wp-content\/uploads\/2021\/02\/contact1-300x300.png 300w, https:\/\/sfanv.fr\/wp-content\/uploads\/2021\/02\/contact1-150x150.png 150w, https:\/\/sfanv.fr\/wp-content\/uploads\/2021\/02\/contact1-500x500.png 500w\" sizes=\"(max-width: 512px) 100vw, 512px\" \/><\/figure><div class=\"elementor-image-box-content\"><h4 class=\"elementor-image-box-title\">Address<\/h4><p class=\"elementor-image-box-description\">26 RUE CHARLES DE GAULLE\n91400 ORSAY<\/p><\/div><\/div>\t\t<\/div>\n\t\t\t\t<\/div>\n\t\t\t\t\t<\/div>\n\t\t<\/div>\n\t\t\t\t<div class=\"elementor-column elementor-col-33 elementor-top-column elementor-element elementor-element-a017970\" data-id=\"a017970\" data-element_type=\"column\" data-settings=\"{&quot;background_background&quot;:&quot;classic&quot;}\">\n\t\t\t<div class=\"elementor-widget-wrap elementor-element-populated\">\n\t\t\t\t\t\t\t\t<div class=\"elementor-element elementor-element-621dc95 elementor-position-top elementor-vertical-align-top elementor-widget elementor-widget-image-box\" data-id=\"621dc95\" data-element_type=\"widget\" data-widget_type=\"image-box.default\">\n\t\t\t\t<div class=\"elementor-widget-container\">\n\t\t\t<div class=\"elementor-image-box-wrapper\"><figure class=\"elementor-image-box-img\"><a href=\"tel:%200177060523\"><img loading=\"lazy\" decoding=\"async\" width=\"512\" height=\"512\" src=\"https:\/\/sfanv.fr\/wp-content\/uploads\/2021\/02\/telephone-1.png\" class=\"attachment-full size-full\" alt=\"\" srcset=\"https:\/\/sfanv.fr\/wp-content\/uploads\/2021\/02\/telephone-1.png 512w, https:\/\/sfanv.fr\/wp-content\/uploads\/2021\/02\/telephone-1-300x300.png 300w, https:\/\/sfanv.fr\/wp-content\/uploads\/2021\/02\/telephone-1-150x150.png 150w, https:\/\/sfanv.fr\/wp-content\/uploads\/2021\/02\/telephone-1-500x500.png 500w\" sizes=\"(max-width: 512px) 100vw, 512px\" \/><\/a><\/figure><div class=\"elementor-image-box-content\"><h4 class=\"elementor-image-box-title\"><a href=\"tel:%200177060523\">Phone<\/a><\/h4><p class=\"elementor-image-box-description\">+ 01.77.06.05.23<\/p><\/div><\/div>\t\t<\/div>\n\t\t\t\t<\/div>\n\t\t\t\t\t<\/div>\n\t\t<\/div>\n\t\t\t\t<div class=\"elementor-column elementor-col-33 elementor-top-column elementor-element elementor-element-f56de26\" data-id=\"f56de26\" data-element_type=\"column\" data-settings=\"{&quot;background_background&quot;:&quot;classic&quot;}\">\n\t\t\t<div class=\"elementor-widget-wrap elementor-element-populated\">\n\t\t\t\t\t\t\t\t<div class=\"elementor-element elementor-element-6d391ff elementor-position-top elementor-vertical-align-top elementor-widget elementor-widget-image-box\" data-id=\"6d391ff\" data-element_type=\"widget\" data-widget_type=\"image-box.default\">\n\t\t\t\t<div class=\"elementor-widget-container\">\n\t\t\t<div class=\"elementor-image-box-wrapper\"><figure class=\"elementor-image-box-img\"><a href=\"mailto:secretariat@ccmn-neurologie.fr\"><img loading=\"lazy\" decoding=\"async\" width=\"512\" height=\"512\" src=\"https:\/\/sfanv.fr\/wp-content\/uploads\/2021\/02\/email.png\" class=\"attachment-full size-full\" alt=\"\" srcset=\"https:\/\/sfanv.fr\/wp-content\/uploads\/2021\/02\/email.png 512w, https:\/\/sfanv.fr\/wp-content\/uploads\/2021\/02\/email-300x300.png 300w, https:\/\/sfanv.fr\/wp-content\/uploads\/2021\/02\/email-150x150.png 150w, https:\/\/sfanv.fr\/wp-content\/uploads\/2021\/02\/email-500x500.png 500w\" sizes=\"(max-width: 512px) 100vw, 512px\" \/><\/a><\/figure><div class=\"elementor-image-box-content\"><h4 class=\"elementor-image-box-title\"><a href=\"mailto:secretariat@ccmn-neurologie.fr\">Email<\/a><\/h4><p class=\"elementor-image-box-description\">secretariat@ccmn-neurologie.fr<\/p><\/div><\/div>\t\t<\/div>\n\t\t\t\t<\/div>\n\t\t\t\t\t<\/div>\n\t\t<\/div>\n\t\t\t\t\t\t\t<\/div>\n\t\t<\/section>\n\t\t\t\t<section class=\"elementor-section elementor-top-section elementor-element elementor-element-1c8e63b elementor-section-stretched elementor-section-boxed elementor-section-height-default elementor-section-height-default\" data-id=\"1c8e63b\" data-element_type=\"section\" data-settings=\"{&quot;background_background&quot;:&quot;classic&quot;,&quot;stretch_section&quot;:&quot;section-stretched&quot;}\">\n\t\t\t\t\t\t<div class=\"elementor-container elementor-column-gap-no\">\n\t\t\t\t\t<div class=\"elementor-column elementor-col-50 elementor-top-column elementor-element elementor-element-1e94159\" data-id=\"1e94159\" data-element_type=\"column\">\n\t\t\t<div class=\"elementor-widget-wrap elementor-element-populated\">\n\t\t\t\t\t\t\t\t<div class=\"elementor-element elementor-element-32c8966 elementor-widget elementor-widget-raven-image\" data-id=\"32c8966\" data-element_type=\"widget\" data-widget_type=\"raven-image.default\">\n\t\t\t\t<div class=\"elementor-widget-container\">\n\t\t\t\t\t<div class=\"raven-image\">\n\t\t\n\t\t\n\t\t<img loading=\"lazy\" decoding=\"async\" width=\"490\" height=\"563\" src=\"https:\/\/sfanv.fr\/wp-content\/uploads\/2021\/02\/docteur-contact.jpg\" class=\"attachment-full size-full\" alt=\"\" srcset=\"https:\/\/sfanv.fr\/wp-content\/uploads\/2021\/02\/docteur-contact.jpg 490w, https:\/\/sfanv.fr\/wp-content\/uploads\/2021\/02\/docteur-contact-261x300.jpg 261w\" sizes=\"(max-width: 490px) 100vw, 490px\" \/>\t\t<\/div>\n\t\t\t\t<\/div>\n\t\t\t\t<\/div>\n\t\t\t\t\t<\/div>\n\t\t<\/div>\n\t\t\t\t<div class=\"elementor-column elementor-col-50 elementor-top-column elementor-element elementor-element-c2147fd\" data-id=\"c2147fd\" data-element_type=\"column\">\n\t\t\t<div class=\"elementor-widget-wrap elementor-element-populated\">\n\t\t\t\t\t\t\t\t<div class=\"elementor-element elementor-element-20c5eda elementor-widget elementor-widget-heading\" data-id=\"20c5eda\" data-element_type=\"widget\" data-widget_type=\"heading.default\">\n\t\t\t\t<div class=\"elementor-widget-container\">\n\t\t\t<h2 class=\"elementor-heading-title elementor-size-default\">Entrer en contact<\/h2>\t\t<\/div>\n\t\t\t\t<\/div>\n\t\t\t\t<div class=\"elementor-element elementor-element-1d62cff elementor-widget elementor-widget-raven-form\" data-id=\"1d62cff\" data-element_type=\"widget\" data-settings=\"{&quot;fields&quot;:[{&quot;label&quot;:&quot;Name&quot;,&quot;placeholder&quot;:&quot;Nom&quot;,&quot;_id&quot;:&quot;bf1d8db&quot;,&quot;acceptance_text&quot;:null,&quot;type&quot;:&quot;text&quot;,&quot;recaptcha_badge&quot;:null,&quot;recaptcha_theme&quot;:null,&quot;recaptcha_size&quot;:null,&quot;checked_by_default&quot;:null,&quot;min_time&quot;:null,&quot;max_time&quot;:null,&quot;min_date&quot;:null,&quot;max_date&quot;:null,&quot;localization&quot;:null,&quot;min&quot;:null,&quot;max&quot;:null,&quot;field_options&quot;:null,&quot;inline_list&quot;:null,&quot;native_html5&quot;:null,&quot;multiple_selection&quot;:null,&quot;rows&quot;:null,&quot;required&quot;:&quot;&quot;,&quot;width&quot;:&quot;100&quot;,&quot;width_tablet&quot;:&quot;&quot;,&quot;width_mobile&quot;:&quot;&quot;},{&quot;label&quot;:&quot;Phone Number&quot;,&quot;type&quot;:&quot;tel&quot;,&quot;placeholder&quot;:&quot;Num\\u00e9ro de t\\u00e9l\\u00e9phone&quot;,&quot;acceptance_text&quot;:null,&quot;_id&quot;:&quot;2319fe3&quot;,&quot;recaptcha_badge&quot;:null,&quot;recaptcha_theme&quot;:null,&quot;recaptcha_size&quot;:null,&quot;checked_by_default&quot;:null,&quot;min_time&quot;:null,&quot;max_time&quot;:null,&quot;min_date&quot;:null,&quot;max_date&quot;:null,&quot;localization&quot;:null,&quot;min&quot;:null,&quot;max&quot;:null,&quot;field_options&quot;:null,&quot;inline_list&quot;:null,&quot;native_html5&quot;:null,&quot;multiple_selection&quot;:null,&quot;rows&quot;:null,&quot;required&quot;:&quot;&quot;,&quot;width&quot;:&quot;100&quot;,&quot;width_tablet&quot;:&quot;&quot;,&quot;width_mobile&quot;:&quot;&quot;},{&quot;label&quot;:&quot;Email&quot;,&quot;type&quot;:&quot;email&quot;,&quot;placeholder&quot;:&quot;Email&quot;,&quot;required&quot;:&quot;true&quot;,&quot;_id&quot;:&quot;2e21c80&quot;,&quot;acceptance_text&quot;:null,&quot;recaptcha_badge&quot;:null,&quot;recaptcha_theme&quot;:null,&quot;recaptcha_size&quot;:null,&quot;checked_by_default&quot;:null,&quot;min_time&quot;:null,&quot;max_time&quot;:null,&quot;min_date&quot;:null,&quot;max_date&quot;:null,&quot;localization&quot;:null,&quot;min&quot;:null,&quot;max&quot;:null,&quot;field_options&quot;:null,&quot;inline_list&quot;:null,&quot;native_html5&quot;:null,&quot;multiple_selection&quot;:null,&quot;rows&quot;:null,&quot;width&quot;:&quot;100&quot;,&quot;width_tablet&quot;:&quot;&quot;,&quot;width_mobile&quot;:&quot;&quot;},{&quot;label&quot;:&quot;Message&quot;,&quot;type&quot;:&quot;textarea&quot;,&quot;placeholder&quot;:&quot;Message&quot;,&quot;_id&quot;:&quot;510e8ed&quot;,&quot;acceptance_text&quot;:null,&quot;rows&quot;:3,&quot;recaptcha_badge&quot;:null,&quot;recaptcha_theme&quot;:null,&quot;recaptcha_size&quot;:null,&quot;checked_by_default&quot;:null,&quot;min_time&quot;:null,&quot;max_time&quot;:null,&quot;min_date&quot;:null,&quot;max_date&quot;:null,&quot;localization&quot;:null,&quot;min&quot;:null,&quot;max&quot;:null,&quot;field_options&quot;:null,&quot;inline_list&quot;:null,&quot;native_html5&quot;:null,&quot;multiple_selection&quot;:null,&quot;required&quot;:&quot;&quot;,&quot;width&quot;:&quot;100&quot;,&quot;width_tablet&quot;:&quot;&quot;,&quot;width_mobile&quot;:&quot;&quot;}]}\" data-widget_type=\"raven-form.default\">\n\t\t\t\t<div class=\"elementor-widget-container\">\n\t\t\t\t\t<form class=\"raven-form raven-flex raven-flex-wrap raven-flex-bottom raven-hide-required-mark\" method=\"post\" name=\"New form\">\n\t\t\t<input type=\"hidden\" name=\"post_id\" value=\"445\" \/>\n\t\t\t<input type=\"hidden\" name=\"form_id\" value=\"1d62cff\" \/>\n\t\t\t\t\t<div id=\"raven-field-group-bf1d8db\" class=\"raven-flex-wrap raven-field-type-text raven-field-group elementor-column elementor-col-100\">\n\t\t\t\t\t<input\n\t\t\toninput=\"onInvalidRavenFormField(event)\"\n\t\t\toninvalid=\"onInvalidRavenFormField(event)\"\n\t\t\ttype=\"text\" name=\"fields[bf1d8db]\" id=\"form-field-bf1d8db\" class=\"raven-field\" placeholder=\"Nom\" data-type=\"text\">\n\t\t\t\t<\/div>\n\t\t\t\t<div id=\"raven-field-group-2319fe3\" class=\"raven-flex-wrap raven-field-type-tel raven-field-group elementor-column elementor-col-100\">\n\t\t\t\t\t<input\n\t\t\toninput=\"onInvalidRavenFormField(event)\"\n\t\t\toninvalid=\"onInvalidRavenFormField(event)\"\n\t\t\ttype=\"tel\" name=\"fields[2319fe3]\" id=\"form-field-2319fe3\" class=\"raven-field\" placeholder=\"Num\u00e9ro de t\u00e9l\u00e9phone\" data-type=\"tel\" pattern=\"^[0-9\\-\\+\\s\\(\\)]*$\" title=\"The value should only consist numbers and phone characters (-, +, (), etc)\">\n\t\t\t\t<\/div>\n\t\t\t\t<div id=\"raven-field-group-2e21c80\" class=\"raven-flex-wrap raven-field-type-email raven-field-group elementor-column elementor-col-100 raven-field-required\">\n\t\t\t\t\t<input\n\t\t\toninput=\"onInvalidRavenFormField(event)\"\n\t\t\toninvalid=\"onInvalidRavenFormField(event)\"\n\t\t\ttype=\"email\" name=\"fields[2e21c80]\" id=\"form-field-2e21c80\" class=\"raven-field\" placeholder=\"Email\" data-type=\"email\" required=\"required\">\n\t\t\t\t<\/div>\n\t\t\t\t<div id=\"raven-field-group-510e8ed\" class=\"raven-flex-wrap raven-field-type-textarea raven-field-group elementor-column elementor-col-100\">\n\t\t\t\t\t<textarea\n\t\t\toninput=\"onInvalidRavenFormField(event)\"\n\t\t\toninvalid=\"onInvalidRavenFormField(event)\"\n\t\t\ttype=\"textarea\" name=\"fields[510e8ed]\" id=\"form-field-510e8ed\" class=\"raven-field\" placeholder=\"Message\" data-type=\"textarea\"\t\t\trows=\"3\"><\/textarea>\n\t\t\t\t<\/div>\n\t\t\t\t\t<div class=\"raven-field-group raven-field-type-submit-button elementor-column elementor-col-100 justify\">\n\t\t\t\t<button type=\"submit\" class=\"raven-submit-button\">\n\t\t\t\t\t\t\t\t\t\t<span>Envoyer<\/span>\n\t\t\t\t<\/button>\n\t\t\t<\/div>\n\t\t<\/form>\n\n\t\t\t\t<\/div>\n\t\t\t\t<\/div>\n\t\t\t\t\t<\/div>\n\t\t<\/div>\n\t\t\t\t\t\t\t<\/div>\n\t\t<\/section>\n\t\t\t\t\t\t<\/div>\n\t\t\t\t\t<\/div>\n\t\t","protected":false},"excerpt":{"rendered":"<p>Contact Address 26 RUE CHARLES DE GAULLE 91400 ORSAY Phone + 01.77.06.05.23 Email secretariat@ccmn-neurologie.fr Entrer en contact Envoyer<\/p>\n","protected":false},"author":1,"featured_media":0,"parent":0,"menu_order":0,"comment_status":"closed","ping_status":"closed","template":"","meta":{"footnotes":""},"_links":{"self":[{"href":"https:\/\/sfanv.fr\/index.php\/wp-json\/wp\/v2\/pages\/445"}],"collection":[{"href":"https:\/\/sfanv.fr\/index.php\/wp-json\/wp\/v2\/pages"}],"about":[{"href":"https:\/\/sfanv.fr\/index.php\/wp-json\/wp\/v2\/types\/page"}],"author":[{"embeddable":true,"href":"https:\/\/sfanv.fr\/index.php\/wp-json\/wp\/v2\/users\/1"}],"replies":[{"embeddable":true,"href":"https:\/\/sfanv.fr\/index.php\/wp-json\/wp\/v2\/comments?post=445"}],"version-history":[{"count":22,"href":"https:\/\/sfanv.fr\/index.php\/wp-json\/wp\/v2\/pages\/445\/revisions"}],"predecessor-version":[{"id":516,"href":"https:\/\/sfanv.fr\/index.php\/wp-json\/wp\/v2\/pages\/445\/revisions\/516"}],"wp:attachment":[{"href":"https:\/\/sfanv.fr\/index.php\/wp-json\/wp\/v2\/media?parent=445"}],"curies":[{"name":"wp","href":"https:\/\/api.w.org\/{rel}","templated":true}]}}